{"id":12,"date":"2019-10-14T16:45:01","date_gmt":"2019-10-14T16:45:01","guid":{"rendered":"http:\/\/csu-hahnbach.de\/?page_id=12"},"modified":"2025-11-20T17:32:26","modified_gmt":"2025-11-20T17:32:26","slug":"csu-marktraete","status":"publish","type":"page","link":"https:\/\/csu-hahnbach.de\/?page_id=12","title":{"rendered":"CSU Marktr\u00e4te"},"content":{"rendered":"\t\t<div data-elementor-type=\"wp-page\" data-elementor-id=\"12\" class=\"elementor elementor-12\">\n\t\t\t\t\t\t<section class=\"elementor-section elementor-top-section elementor-element elementor-element-a80f80c elementor-section-boxed elementor-section-height-default elementor-section-height-default\" data-id=\"a80f80c\" data-element_type=\"section\" data-e-type=\"section\">\n\t\t\t\t\t\t<div class=\"elementor-container elementor-column-gap-default\">\n\t\t\t\t\t<div class=\"elementor-column elementor-col-33 elementor-top-column elementor-element elementor-element-4048bb7\" data-id=\"4048bb7\" data-element_type=\"column\" data-e-type=\"column\">\n\t\t\t<div class=\"elementor-widget-wrap\">\n\t\t\t\t\t\t\t<\/div>\n\t\t<\/div>\n\t\t\t\t<div class=\"elementor-column elementor-col-33 elementor-top-column elementor-element elementor-element-3ee5f66\" data-id=\"3ee5f66\" data-element_type=\"column\" data-e-type=\"column\">\n\t\t\t<div class=\"elementor-widget-wrap elementor-element-populated\">\n\t\t\t\t\t\t<div class=\"elementor-element elementor-element-5e04471 elementor-widget elementor-widget-image\" data-id=\"5e04471\" data-element_type=\"widget\" data-e-type=\"widget\" data-widget_type=\"image.default\">\n\t\t\t\t<div class=\"elementor-widget-container\">\n\t\t\t\t\t\t\t\t\t\t\t\t\t\t\t<img decoding=\"async\" src=\"https:\/\/csu-hahnbach.de\/wp-content\/uploads\/2025\/04\/Lindner_2020-1.jpg\" title=\"Lindner_2020\" alt=\"Lindner_2020\" class=\"elementor-animation-grow\" loading=\"lazy\" \/>\t\t\t\t\t\t\t\t\t\t\t\t\t\t\t<\/div>\n\t\t\t\t<\/div>\n\t\t\t\t<div class=\"elementor-element elementor-element-7ad8e23 elementor-widget elementor-widget-text-editor\" data-id=\"7ad8e23\" data-element_type=\"widget\" data-e-type=\"widget\" data-widget_type=\"text-editor.default\">\n\t\t\t\t<div class=\"elementor-widget-container\">\n\t\t\t\t\t\t\t\t\t<p style=\"text-align: center;\"><span style=\"color: #1e73be;\"><strong>Bernhard Lindner<br \/><\/strong><\/span>1. B\u00fcrgermeister<br \/>OV S\u00fc\u00df<\/p>\t\t\t\t\t\t\t\t<\/div>\n\t\t\t\t<\/div>\n\t\t\t\t\t<\/div>\n\t\t<\/div>\n\t\t\t\t<div class=\"elementor-column elementor-col-33 elementor-top-column elementor-element elementor-element-377d819\" data-id=\"377d819\" data-element_type=\"column\" data-e-type=\"column\">\n\t\t\t<div class=\"elementor-widget-wrap\">\n\t\t\t\t\t\t\t<\/div>\n\t\t<\/div>\n\t\t\t\t\t<\/div>\n\t\t<\/section>\n\t\t\t\t<section class=\"elementor-section elementor-top-section elementor-element elementor-element-438dce9 elementor-section-boxed elementor-section-height-default elementor-section-height-default\" data-id=\"438dce9\" data-element_type=\"section\" data-e-type=\"section\">\n\t\t\t\t\t\t<div class=\"elementor-container elementor-column-gap-default\">\n\t\t\t\t\t<div class=\"elementor-column elementor-col-33 elementor-top-column elementor-element elementor-element-e025d9b\" data-id=\"e025d9b\" data-element_type=\"column\" data-e-type=\"column\">\n\t\t\t<div class=\"elementor-widget-wrap elementor-element-populated\">\n\t\t\t\t\t\t<div class=\"elementor-element elementor-element-743f862 elementor-widget elementor-widget-image\" data-id=\"743f862\" data-element_type=\"widget\" data-e-type=\"widget\" data-widget_type=\"image.default\">\n\t\t\t\t<div class=\"elementor-widget-container\">\n\t\t\t\t\t\t\t\t\t\t\t\t\t\t\t<img fetchpriority=\"high\" decoding=\"async\" width=\"196\" height=\"300\" src=\"https:\/\/csu-hahnbach.de\/wp-content\/uploads\/2025\/04\/Goetz_2020-196x300.jpeg\" class=\"elementor-animation-grow attachment-medium size-medium wp-image-412\" alt=\"\" srcset=\"https:\/\/csu-hahnbach.de\/wp-content\/uploads\/2025\/04\/Goetz_2020-196x300.jpeg 196w, https:\/\/csu-hahnbach.de\/wp-content\/uploads\/2025\/04\/Goetz_2020.jpeg 350w\" sizes=\"(max-width: 196px) 85vw, 196px\" \/>\t\t\t\t\t\t\t\t\t\t\t\t\t\t\t<\/div>\n\t\t\t\t<\/div>\n\t\t\t\t<div class=\"elementor-element elementor-element-1560ef5 elementor-widget elementor-widget-text-editor\" data-id=\"1560ef5\" data-element_type=\"widget\" data-e-type=\"widget\" data-widget_type=\"text-editor.default\">\n\t\t\t\t<div class=\"elementor-widget-container\">\n\t\t\t\t\t\t\t\t\t<p style=\"text-align: center;\"><strong><span style=\"color: #1e73be;\">Georg G\u00f6tz<br \/><\/span><\/strong>2. B\u00fcrgermeister<br \/>OV Hahnbach<\/p>\t\t\t\t\t\t\t\t<\/div>\n\t\t\t\t<\/div>\n\t\t\t\t\t<\/div>\n\t\t<\/div>\n\t\t\t\t<div class=\"elementor-column elementor-col-33 elementor-top-column elementor-element elementor-element-50af1ec\" data-id=\"50af1ec\" data-element_type=\"column\" data-e-type=\"column\">\n\t\t\t<div class=\"elementor-widget-wrap\">\n\t\t\t\t\t\t\t<\/div>\n\t\t<\/div>\n\t\t\t\t<div class=\"elementor-column elementor-col-33 elementor-top-column elementor-element elementor-element-e9d45b4\" data-id=\"e9d45b4\" data-element_type=\"column\" data-e-type=\"column\">\n\t\t\t<div class=\"elementor-widget-wrap elementor-element-populated\">\n\t\t\t\t\t\t<div class=\"elementor-element elementor-element-e310368 elementor-widget elementor-widget-image\" data-id=\"e310368\" data-element_type=\"widget\" data-e-type=\"widget\" data-widget_type=\"image.default\">\n\t\t\t\t<div class=\"elementor-widget-container\">\n\t\t\t\t\t\t\t\t\t\t\t\t\t\t\t<img decoding=\"async\" width=\"196\" height=\"300\" src=\"https:\/\/csu-hahnbach.de\/wp-content\/uploads\/2025\/04\/Hoellerer_2020-196x300.jpeg\" class=\"elementor-animation-grow attachment-medium size-medium wp-image-413\" alt=\"\" srcset=\"https:\/\/csu-hahnbach.de\/wp-content\/uploads\/2025\/04\/Hoellerer_2020-196x300.jpeg 196w, https:\/\/csu-hahnbach.de\/wp-content\/uploads\/2025\/04\/Hoellerer_2020.jpeg 350w\" sizes=\"(max-width: 196px) 85vw, 196px\" \/>\t\t\t\t\t\t\t\t\t\t\t\t\t\t\t<\/div>\n\t\t\t\t<\/div>\n\t\t\t\t<div class=\"elementor-element elementor-element-cacf141 elementor-widget elementor-widget-text-editor\" data-id=\"cacf141\" data-element_type=\"widget\" data-e-type=\"widget\" data-widget_type=\"text-editor.default\">\n\t\t\t\t<div class=\"elementor-widget-container\">\n\t\t\t\t\t\t\t\t\t<p class=\"paragraph_style_3\" style=\"text-align: center;\"><strong><span style=\"color: #1e73be;\">H\u00f6llerer Eva Margareta<br \/><\/span><\/strong>3. B\u00fcrgermeisterin<br \/>OV Hahnbach<\/p>\t\t\t\t\t\t\t\t<\/div>\n\t\t\t\t<\/div>\n\t\t\t\t\t<\/div>\n\t\t<\/div>\n\t\t\t\t\t<\/div>\n\t\t<\/section>\n\t\t\t\t<section class=\"elementor-section elementor-top-section elementor-element elementor-element-5f33abc elementor-section-boxed elementor-section-height-default elementor-section-height-default\" data-id=\"5f33abc\" data-element_type=\"section\" data-e-type=\"section\">\n\t\t\t\t\t\t<div class=\"elementor-container elementor-column-gap-default\">\n\t\t\t\t\t<div class=\"elementor-column elementor-col-33 elementor-top-column elementor-element elementor-element-2bc6e79\" data-id=\"2bc6e79\" data-element_type=\"column\" data-e-type=\"column\">\n\t\t\t<div class=\"elementor-widget-wrap elementor-element-populated\">\n\t\t\t\t\t\t<div class=\"elementor-element elementor-element-7c68cf8 elementor-widget elementor-widget-image\" data-id=\"7c68cf8\" data-element_type=\"widget\" data-e-type=\"widget\" data-widget_type=\"image.default\">\n\t\t\t\t<div class=\"elementor-widget-container\">\n\t\t\t\t\t\t\t\t\t\t\t\t\t\t\t<img decoding=\"async\" width=\"196\" height=\"300\" src=\"https:\/\/csu-hahnbach.de\/wp-content\/uploads\/2025\/04\/Weiss_Flo_2020-196x300.jpeg\" class=\"elementor-animation-grow attachment-medium size-medium wp-image-414\" alt=\"\" srcset=\"https:\/\/csu-hahnbach.de\/wp-content\/uploads\/2025\/04\/Weiss_Flo_2020-196x300.jpeg 196w, https:\/\/csu-hahnbach.de\/wp-content\/uploads\/2025\/04\/Weiss_Flo_2020.jpeg 350w\" sizes=\"(max-width: 196px) 85vw, 196px\" \/>\t\t\t\t\t\t\t\t\t\t\t\t\t\t\t<\/div>\n\t\t\t\t<\/div>\n\t\t\t\t<div class=\"elementor-element elementor-element-a28a013 elementor-widget elementor-widget-text-editor\" data-id=\"a28a013\" data-element_type=\"widget\" data-e-type=\"widget\" data-widget_type=\"text-editor.default\">\n\t\t\t\t<div class=\"elementor-widget-container\">\n\t\t\t\t\t\t\t\t\t<p class=\"paragraph_style_3\" style=\"text-align: center;\"><strong><span style=\"color: #1e73be;\">Wei\u00df Florian<br><\/span><\/strong>OV Hahnbach<\/p>\t\t\t\t\t\t\t\t<\/div>\n\t\t\t\t<\/div>\n\t\t\t\t\t<\/div>\n\t\t<\/div>\n\t\t\t\t<div class=\"elementor-column elementor-col-33 elementor-top-column elementor-element elementor-element-139fcea\" data-id=\"139fcea\" data-element_type=\"column\" data-e-type=\"column\">\n\t\t\t<div class=\"elementor-widget-wrap elementor-element-populated\">\n\t\t\t\t\t\t<div class=\"elementor-element elementor-element-6878ef6 elementor-widget elementor-widget-image\" data-id=\"6878ef6\" data-element_type=\"widget\" data-e-type=\"widget\" data-widget_type=\"image.default\">\n\t\t\t\t<div class=\"elementor-widget-container\">\n\t\t\t\t\t\t\t\t\t\t\t\t\t\t\t<img loading=\"lazy\" decoding=\"async\" width=\"196\" height=\"300\" src=\"https:\/\/csu-hahnbach.de\/wp-content\/uploads\/2025\/04\/Sachsenhauser_2020-196x300.jpeg\" class=\"elementor-animation-grow attachment-medium size-medium wp-image-415\" alt=\"\" srcset=\"https:\/\/csu-hahnbach.de\/wp-content\/uploads\/2025\/04\/Sachsenhauser_2020-196x300.jpeg 196w, https:\/\/csu-hahnbach.de\/wp-content\/uploads\/2025\/04\/Sachsenhauser_2020.jpeg 350w\" sizes=\"(max-width: 196px) 85vw, 196px\" \/>\t\t\t\t\t\t\t\t\t\t\t\t\t\t\t<\/div>\n\t\t\t\t<\/div>\n\t\t\t\t<div class=\"elementor-element elementor-element-9d24c6a elementor-widget elementor-widget-text-editor\" data-id=\"9d24c6a\" data-element_type=\"widget\" data-e-type=\"widget\" data-widget_type=\"text-editor.default\">\n\t\t\t\t<div class=\"elementor-widget-container\">\n\t\t\t\t\t\t\t\t\t<p style=\"text-align: center;\"><strong style=\"font-size: 16px; text-align: center;\"><span style=\"font-size: 14px; color: #1e73be;\">Sachsenhauser Dominik<\/span><\/strong><br style=\"text-align: center;\" \/>Fraktionsvorsitzender<br \/><span style=\"font-size: 1rem;\">OV Adlholz<\/span><\/p><p style=\"text-align: center;\">\u00a0<\/p>\t\t\t\t\t\t\t\t<\/div>\n\t\t\t\t<\/div>\n\t\t\t\t\t<\/div>\n\t\t<\/div>\n\t\t\t\t<div class=\"elementor-column elementor-col-33 elementor-top-column elementor-element elementor-element-aba5e92\" data-id=\"aba5e92\" data-element_type=\"column\" data-e-type=\"column\">\n\t\t\t<div class=\"elementor-widget-wrap elementor-element-populated\">\n\t\t\t\t\t\t<div class=\"elementor-element elementor-element-d70b4e4 elementor-widget elementor-widget-image\" data-id=\"d70b4e4\" data-element_type=\"widget\" data-e-type=\"widget\" data-widget_type=\"image.default\">\n\t\t\t\t<div class=\"elementor-widget-container\">\n\t\t\t\t\t\t\t\t\t\t\t\t\t\t\t<img loading=\"lazy\" decoding=\"async\" width=\"196\" height=\"300\" src=\"https:\/\/csu-hahnbach.de\/wp-content\/uploads\/2025\/04\/Trummer_2020-196x300.jpg\" class=\"elementor-animation-grow attachment-medium size-medium wp-image-416\" alt=\"\" srcset=\"https:\/\/csu-hahnbach.de\/wp-content\/uploads\/2025\/04\/Trummer_2020-196x300.jpg 196w, https:\/\/csu-hahnbach.de\/wp-content\/uploads\/2025\/04\/Trummer_2020.jpg 350w\" sizes=\"(max-width: 196px) 85vw, 196px\" \/>\t\t\t\t\t\t\t\t\t\t\t\t\t\t\t<\/div>\n\t\t\t\t<\/div>\n\t\t\t\t<div class=\"elementor-element elementor-element-229ca6d elementor-widget elementor-widget-text-editor\" data-id=\"229ca6d\" data-element_type=\"widget\" data-e-type=\"widget\" data-widget_type=\"text-editor.default\">\n\t\t\t\t<div class=\"elementor-widget-container\">\n\t\t\t\t\t\t\t\t\t<p class=\"paragraph_style_3\" style=\"text-align: center;\"><strong><span style=\"color: #1e73be;\">Trummer Brigitte<br \/><\/span><\/strong>OV Hahnbach<\/p>\t\t\t\t\t\t\t\t<\/div>\n\t\t\t\t<\/div>\n\t\t\t\t\t<\/div>\n\t\t<\/div>\n\t\t\t\t\t<\/div>\n\t\t<\/section>\n\t\t\t\t<section class=\"elementor-section elementor-top-section elementor-element elementor-element-22e2496 elementor-section-boxed elementor-section-height-default elementor-section-height-default\" data-id=\"22e2496\" data-element_type=\"section\" data-e-type=\"section\">\n\t\t\t\t\t\t<div class=\"elementor-container elementor-column-gap-default\">\n\t\t\t\t\t<div class=\"elementor-column elementor-col-33 elementor-top-column elementor-element elementor-element-49c65ca\" data-id=\"49c65ca\" data-element_type=\"column\" data-e-type=\"column\">\n\t\t\t<div class=\"elementor-widget-wrap elementor-element-populated\">\n\t\t\t\t\t\t<div class=\"elementor-element elementor-element-71ba5fb elementor-widget elementor-widget-image\" data-id=\"71ba5fb\" data-element_type=\"widget\" data-e-type=\"widget\" data-widget_type=\"image.default\">\n\t\t\t\t<div class=\"elementor-widget-container\">\n\t\t\t\t\t\t\t\t\t\t\t\t\t\t\t<img loading=\"lazy\" decoding=\"async\" width=\"252\" height=\"300\" src=\"https:\/\/csu-hahnbach.de\/wp-content\/uploads\/2025\/11\/IMG-20250315-WA0000n-252x300.jpg\" class=\"elementor-animation-grow attachment-medium size-medium wp-image-611\" alt=\"\" srcset=\"https:\/\/csu-hahnbach.de\/wp-content\/uploads\/2025\/11\/IMG-20250315-WA0000n-252x300.jpg 252w, https:\/\/csu-hahnbach.de\/wp-content\/uploads\/2025\/11\/IMG-20250315-WA0000n-859x1024.jpg 859w, https:\/\/csu-hahnbach.de\/wp-content\/uploads\/2025\/11\/IMG-20250315-WA0000n-768x916.jpg 768w, https:\/\/csu-hahnbach.de\/wp-content\/uploads\/2025\/11\/IMG-20250315-WA0000n.jpg 942w\" sizes=\"(max-width: 252px) 85vw, 252px\" \/>\t\t\t\t\t\t\t\t\t\t\t\t\t\t\t<\/div>\n\t\t\t\t<\/div>\n\t\t\t\t<div class=\"elementor-element elementor-element-4020a4a elementor-widget elementor-widget-text-editor\" data-id=\"4020a4a\" data-element_type=\"widget\" data-e-type=\"widget\" data-widget_type=\"text-editor.default\">\n\t\t\t\t<div class=\"elementor-widget-container\">\n\t\t\t\t\t\t\t\t\t<p style=\"text-align: center;\"><span style=\"font-size: 1rem;\"><b style=\"color: rgb(30, 115, 190);\">Werner J\u00fcrgen<\/b><font color=\"#1e73be\"><b><br><\/b><\/font><\/span><span style=\"font-size: 1rem;\">OV Iber<\/span><\/p>\t\t\t\t\t\t\t\t<\/div>\n\t\t\t\t<\/div>\n\t\t\t\t\t<\/div>\n\t\t<\/div>\n\t\t\t\t<div class=\"elementor-column elementor-col-33 elementor-top-column elementor-element elementor-element-071f2e5\" data-id=\"071f2e5\" data-element_type=\"column\" data-e-type=\"column\">\n\t\t\t<div class=\"elementor-widget-wrap elementor-element-populated\">\n\t\t\t\t\t\t<div class=\"elementor-element elementor-element-fa8a99c elementor-widget elementor-widget-image\" data-id=\"fa8a99c\" data-element_type=\"widget\" data-e-type=\"widget\" data-widget_type=\"image.default\">\n\t\t\t\t<div class=\"elementor-widget-container\">\n\t\t\t\t\t\t\t\t\t\t\t\t\t\t\t<img loading=\"lazy\" decoding=\"async\" width=\"196\" height=\"300\" src=\"https:\/\/csu-hahnbach.de\/wp-content\/uploads\/2025\/04\/Weiss_Martin_2020-196x300.jpeg\" class=\"elementor-animation-grow attachment-medium size-medium wp-image-418\" alt=\"\" srcset=\"https:\/\/csu-hahnbach.de\/wp-content\/uploads\/2025\/04\/Weiss_Martin_2020-196x300.jpeg 196w, https:\/\/csu-hahnbach.de\/wp-content\/uploads\/2025\/04\/Weiss_Martin_2020.jpeg 350w\" sizes=\"(max-width: 196px) 85vw, 196px\" \/>\t\t\t\t\t\t\t\t\t\t\t\t\t\t\t<\/div>\n\t\t\t\t<\/div>\n\t\t\t\t<div class=\"elementor-element elementor-element-321b719 elementor-widget elementor-widget-text-editor\" data-id=\"321b719\" data-element_type=\"widget\" data-e-type=\"widget\" data-widget_type=\"text-editor.default\">\n\t\t\t\t<div class=\"elementor-widget-container\">\n\t\t\t\t\t\t\t\t\t<p style=\"text-align: center;\"><span style=\"color: #1e73be;\"><strong>Wei\u00df Martin<br \/><\/strong><\/span>OV Hahnbach<\/p>\t\t\t\t\t\t\t\t<\/div>\n\t\t\t\t<\/div>\n\t\t\t\t\t<\/div>\n\t\t<\/div>\n\t\t\t\t<div class=\"elementor-column elementor-col-33 elementor-top-column elementor-element elementor-element-c763ca4\" data-id=\"c763ca4\" data-element_type=\"column\" data-e-type=\"column\">\n\t\t\t<div class=\"elementor-widget-wrap elementor-element-populated\">\n\t\t\t\t\t\t<div class=\"elementor-element elementor-element-1e09bb3 elementor-widget elementor-widget-image\" data-id=\"1e09bb3\" data-element_type=\"widget\" data-e-type=\"widget\" data-widget_type=\"image.default\">\n\t\t\t\t<div class=\"elementor-widget-container\">\n\t\t\t\t\t\t\t\t\t\t\t\t\t\t\t<img loading=\"lazy\" decoding=\"async\" width=\"196\" height=\"300\" src=\"https:\/\/csu-hahnbach.de\/wp-content\/uploads\/2025\/04\/Lederer_2020-196x300.jpg\" class=\"elementor-animation-grow attachment-medium size-medium wp-image-419\" alt=\"\" srcset=\"https:\/\/csu-hahnbach.de\/wp-content\/uploads\/2025\/04\/Lederer_2020-196x300.jpg 196w, https:\/\/csu-hahnbach.de\/wp-content\/uploads\/2025\/04\/Lederer_2020.jpg 350w\" sizes=\"(max-width: 196px) 85vw, 196px\" \/>\t\t\t\t\t\t\t\t\t\t\t\t\t\t\t<\/div>\n\t\t\t\t<\/div>\n\t\t\t\t<div class=\"elementor-element elementor-element-3784f1d elementor-widget elementor-widget-text-editor\" data-id=\"3784f1d\" data-element_type=\"widget\" data-e-type=\"widget\" data-widget_type=\"text-editor.default\">\n\t\t\t\t<div class=\"elementor-widget-container\">\n\t\t\t\t\t\t\t\t\t<p style=\"text-align: center;\"><span style=\"color: #1e73be;\"><strong>Lederer Johann<br \/><\/strong><\/span>OV S\u00fc\u00df<\/p>\t\t\t\t\t\t\t\t<\/div>\n\t\t\t\t<\/div>\n\t\t\t\t\t<\/div>\n\t\t<\/div>\n\t\t\t\t\t<\/div>\n\t\t<\/section>\n\t\t\t\t<section class=\"elementor-section elementor-top-section elementor-element elementor-element-98a5d87 elementor-section-boxed elementor-section-height-default elementor-section-height-default\" data-id=\"98a5d87\" data-element_type=\"section\" data-e-type=\"section\">\n\t\t\t\t\t\t<div class=\"elementor-container elementor-column-gap-default\">\n\t\t\t\t\t<div class=\"elementor-column elementor-col-33 elementor-top-column elementor-element elementor-element-e5abff5\" data-id=\"e5abff5\" data-element_type=\"column\" data-e-type=\"column\">\n\t\t\t<div class=\"elementor-widget-wrap elementor-element-populated\">\n\t\t\t\t\t\t<div class=\"elementor-element elementor-element-49c1015 elementor-widget elementor-widget-image\" data-id=\"49c1015\" data-element_type=\"widget\" data-e-type=\"widget\" data-widget_type=\"image.default\">\n\t\t\t\t<div class=\"elementor-widget-container\">\n\t\t\t\t\t\t\t\t\t\t\t\t\t\t\t<img loading=\"lazy\" decoding=\"async\" width=\"196\" height=\"300\" src=\"https:\/\/csu-hahnbach.de\/wp-content\/uploads\/2025\/04\/Wendl_2020-196x300.jpeg\" class=\"elementor-animation-grow attachment-medium size-medium wp-image-420\" alt=\"\" srcset=\"https:\/\/csu-hahnbach.de\/wp-content\/uploads\/2025\/04\/Wendl_2020-196x300.jpeg 196w, https:\/\/csu-hahnbach.de\/wp-content\/uploads\/2025\/04\/Wendl_2020.jpeg 350w\" sizes=\"(max-width: 196px) 85vw, 196px\" \/>\t\t\t\t\t\t\t\t\t\t\t\t\t\t\t<\/div>\n\t\t\t\t<\/div>\n\t\t\t\t<div class=\"elementor-element elementor-element-d636faf elementor-widget elementor-widget-text-editor\" data-id=\"d636faf\" data-element_type=\"widget\" data-e-type=\"widget\" data-widget_type=\"text-editor.default\">\n\t\t\t\t<div class=\"elementor-widget-container\">\n\t\t\t\t\t\t\t\t\t<p class=\"paragraph_style_3\" style=\"text-align: center;\"><strong><span style=\"color: #1e73be;\">Wendl Manfred<br \/><\/span><\/strong>OV S\u00fc\u00df<\/p>\t\t\t\t\t\t\t\t<\/div>\n\t\t\t\t<\/div>\n\t\t\t\t\t<\/div>\n\t\t<\/div>\n\t\t\t\t<div class=\"elementor-column elementor-col-33 elementor-top-column elementor-element elementor-element-ba5533b\" data-id=\"ba5533b\" data-element_type=\"column\" data-e-type=\"column\">\n\t\t\t<div class=\"elementor-widget-wrap\">\n\t\t\t\t\t\t\t<\/div>\n\t\t<\/div>\n\t\t\t\t<div class=\"elementor-column elementor-col-33 elementor-top-column elementor-element elementor-element-dfc7c08\" data-id=\"dfc7c08\" data-element_type=\"column\" data-e-type=\"column\">\n\t\t\t<div class=\"elementor-widget-wrap elementor-element-populated\">\n\t\t\t\t\t\t<div class=\"elementor-element elementor-element-dbc0fcf elementor-widget elementor-widget-image\" data-id=\"dbc0fcf\" data-element_type=\"widget\" data-e-type=\"widget\" data-widget_type=\"image.default\">\n\t\t\t\t<div class=\"elementor-widget-container\">\n\t\t\t\t\t\t\t\t\t\t\t\t\t\t\t<img loading=\"lazy\" decoding=\"async\" width=\"196\" height=\"300\" src=\"https:\/\/csu-hahnbach.de\/wp-content\/uploads\/2025\/04\/Koller_2020-196x300.jpg\" class=\"elementor-animation-grow attachment-medium size-medium wp-image-421\" alt=\"\" srcset=\"https:\/\/csu-hahnbach.de\/wp-content\/uploads\/2025\/04\/Koller_2020-196x300.jpg 196w, https:\/\/csu-hahnbach.de\/wp-content\/uploads\/2025\/04\/Koller_2020.jpg 350w\" sizes=\"(max-width: 196px) 85vw, 196px\" \/>\t\t\t\t\t\t\t\t\t\t\t\t\t\t\t<\/div>\n\t\t\t\t<\/div>\n\t\t\t\t<div class=\"elementor-element elementor-element-41b4fdd elementor-widget elementor-widget-text-editor\" data-id=\"41b4fdd\" data-element_type=\"widget\" data-e-type=\"widget\" data-widget_type=\"text-editor.default\">\n\t\t\t\t<div class=\"elementor-widget-container\">\n\t\t\t\t\t\t\t\t\t<p style=\"text-align: center;\"><strong><span style=\"color: #1e73be;\">Koller Werner<\/span><\/strong><br \/>OV Ursulapoppenricht<\/p>\t\t\t\t\t\t\t\t<\/div>\n\t\t\t\t<\/div>\n\t\t\t\t\t<\/div>\n\t\t<\/div>\n\t\t\t\t\t<\/div>\n\t\t<\/section>\n\t\t\t\t<\/div>\n\t\t","protected":false},"excerpt":{"rendered":"<p>Bernhard Lindner1. B\u00fcrgermeisterOV S\u00fc\u00df Georg G\u00f6tz2. B\u00fcrgermeisterOV Hahnbach H\u00f6llerer Eva Margareta3. B\u00fcrgermeisterinOV Hahnbach Wei\u00df FlorianOV Hahnbach Sachsenhauser DominikFraktionsvorsitzenderOV Adlholz \u00a0 Trummer BrigitteOV Hahnbach Werner J\u00fcrgenOV Iber Wei\u00df MartinOV Hahnbach Lederer JohannOV S\u00fc\u00df Wendl ManfredOV S\u00fc\u00df Koller WernerOV Ursulapoppenricht<\/p>\n","protected":false},"author":1,"featured_media":0,"parent":0,"menu_order":0,"comment_status":"closed","ping_status":"closed","template":"","meta":{"footnotes":"","_links_to":"","_links_to_target":""},"class_list":["post-12","page","type-page","status-publish","hentry"],"jetpack_sharing_enabled":true,"_links":{"self":[{"href":"https:\/\/csu-hahnbach.de\/index.php?rest_route=\/wp\/v2\/pages\/12","targetHints":{"allow":["GET"]}}],"collection":[{"href":"https:\/\/csu-hahnbach.de\/index.php?rest_route=\/wp\/v2\/pages"}],"about":[{"href":"https:\/\/csu-hahnbach.de\/index.php?rest_route=\/wp\/v2\/types\/page"}],"author":[{"embeddable":true,"href":"https:\/\/csu-hahnbach.de\/index.php?rest_route=\/wp\/v2\/users\/1"}],"replies":[{"embeddable":true,"href":"https:\/\/csu-hahnbach.de\/index.php?rest_route=%2Fwp%2Fv2%2Fcomments&post=12"}],"version-history":[{"count":46,"href":"https:\/\/csu-hahnbach.de\/index.php?rest_route=\/wp\/v2\/pages\/12\/revisions"}],"predecessor-version":[{"id":614,"href":"https:\/\/csu-hahnbach.de\/index.php?rest_route=\/wp\/v2\/pages\/12\/revisions\/614"}],"wp:attachment":[{"href":"https:\/\/csu-hahnbach.de\/index.php?rest_route=%2Fwp%2Fv2%2Fmedia&parent=12"}],"curies":[{"name":"wp","href":"https:\/\/api.w.org\/{rel}","templated":true}]}}