{"id":172,"date":"2019-10-16T14:55:36","date_gmt":"2019-10-16T14:55:36","guid":{"rendered":"http:\/\/csu-hahnbach.de\/?page_id=172"},"modified":"2025-05-14T18:34:13","modified_gmt":"2025-05-14T18:34:13","slug":"ov-hahnbach","status":"publish","type":"page","link":"https:\/\/csu-hahnbach.de\/?page_id=172","title":{"rendered":"OV Hahnbach"},"content":{"rendered":"\t\t<div data-elementor-type=\"wp-page\" data-elementor-id=\"172\" class=\"elementor elementor-172\">\n\t\t\t\t\t\t<section class=\"elementor-section elementor-top-section elementor-element elementor-element-1d340cb elementor-section-boxed elementor-section-height-default elementor-section-height-default\" data-id=\"1d340cb\" data-element_type=\"section\" data-e-type=\"section\">\n\t\t\t\t\t\t<div class=\"elementor-container elementor-column-gap-default\">\n\t\t\t\t\t<div class=\"elementor-column elementor-col-100 elementor-top-column elementor-element elementor-element-6cba194e\" data-id=\"6cba194e\" data-element_type=\"column\" data-e-type=\"column\">\n\t\t\t<div class=\"elementor-widget-wrap elementor-element-populated\">\n\t\t\t\t\t\t<div class=\"elementor-element elementor-element-1142ac09 elementor-widget elementor-widget-text-editor\" data-id=\"1142ac09\" data-element_type=\"widget\" data-e-type=\"widget\" data-widget_type=\"text-editor.default\">\n\t\t\t\t<div class=\"elementor-widget-container\">\n\t\t\t\t\t\t\t\t\t<p><\/p>\n<p><strong>Vorsitzender:&nbsp;<\/strong>Georg G\u00f6tz<\/p>\n<p><\/p>\n<p><strong>Stellvertreter:<\/strong>&nbsp;Markus Graf, Martin Wei\u00df und Johannes Wolf<\/p>\n<p><\/p>\n<p><strong>Schatzmeister:<\/strong>&nbsp;Josef Kotz<\/p>\n<p><\/p>\n<p><strong>Schriftf\u00fchrer:<\/strong>&nbsp;Ewald Ro\u00dfmann<\/p>\n<p><\/p>\n<p><strong>Beisitzer:<\/strong>&nbsp;Lukas G\u00f6tz, Willi Hofmann, Christopher Hubmann, Michael Rauch, Christof Reichert, Julian Schall, Diane Schoberth, Christine Sieger und Rudi Siegert<\/p>\n<p><span style=\"font-weight: 700; font-size: 1rem;\">Kassenpr\u00fcfer<\/span><span style=\"font-size: 1rem;\">: Franz Fleischmann und Werner Graf<\/span><\/p>\n<p><span style=\"font-weight: 700; font-size: 1rem;\">Digitalbeauftragter<\/span><span style=\"font-size: 1rem;\">: Lukas G\u00f6tz<\/span><\/p>\n<p><\/p>\n<p><strong>Delegierte in die Kreisvertreterversammlung:<\/strong>&nbsp;Andy Dietrich,&nbsp;<span style=\"font-size: 1rem;\">Thomas Graf, Willi Hofmann, Christopher Hubmann, Josef Kotz, Hans Kummert, Irmi Kummert, Florian Rauch, Michael Rauch, Christof Reichert und Irmi Schall<\/span><\/p>\n<p><\/p>\n<figure><img decoding=\"async\" src=\"http:\/\/csu-hahnbach.de\/wp-content\/uploads\/2025\/05\/CSU-Hahnbach_2025-1024x906.jpg\" alt=\"\"><\/figure>\n<p><\/p>\t\t\t\t\t\t\t\t<\/div>\n\t\t\t\t<\/div>\n\t\t\t\t\t<\/div>\n\t\t<\/div>\n\t\t\t\t\t<\/div>\n\t\t<\/section>\n\t\t\t\t<\/div>\n\t\t","protected":false},"excerpt":{"rendered":"<p>Vorsitzender:&nbsp;Georg G\u00f6tz Stellvertreter:&nbsp;Markus Graf, Martin Wei\u00df und Johannes Wolf Schatzmeister:&nbsp;Josef Kotz Schriftf\u00fchrer:&nbsp;Ewald Ro\u00dfmann Beisitzer:&nbsp;Lukas G\u00f6tz, Willi Hofmann, Christopher Hubmann, Michael Rauch, Christof Reichert, Julian Schall, Diane Schoberth, Christine Sieger und Rudi Siegert Kassenpr\u00fcfer: Franz Fleischmann und Werner Graf Digitalbeauftragter: Lukas G\u00f6tz Delegierte in die Kreisvertreterversammlung:&nbsp;Andy Dietrich,&nbsp;Thomas Graf, Willi Hofmann, Christopher Hubmann, Josef Kotz, Hans Kummert, &hellip; <a href=\"https:\/\/csu-hahnbach.de\/?page_id=172\" class=\"more-link\"><span class=\"screen-reader-text\">\u201eOV Hahnbach\u201c <\/span>weiterlesen<\/a><\/p>\n","protected":false},"author":1,"featured_media":0,"parent":0,"menu_order":0,"comment_status":"closed","ping_status":"closed","template":"","meta":{"footnotes":"","_links_to":"","_links_to_target":""},"class_list":["post-172","page","type-page","status-publish","hentry"],"jetpack_sharing_enabled":true,"_links":{"self":[{"href":"https:\/\/csu-hahnbach.de\/index.php?rest_route=\/wp\/v2\/pages\/172","targetHints":{"allow":["GET"]}}],"collection":[{"href":"https:\/\/csu-hahnbach.de\/index.php?rest_route=\/wp\/v2\/pages"}],"about":[{"href":"https:\/\/csu-hahnbach.de\/index.php?rest_route=\/wp\/v2\/types\/page"}],"author":[{"embeddable":true,"href":"https:\/\/csu-hahnbach.de\/index.php?rest_route=\/wp\/v2\/users\/1"}],"replies":[{"embeddable":true,"href":"https:\/\/csu-hahnbach.de\/index.php?rest_route=%2Fwp%2Fv2%2Fcomments&post=172"}],"version-history":[{"count":6,"href":"https:\/\/csu-hahnbach.de\/index.php?rest_route=\/wp\/v2\/pages\/172\/revisions"}],"predecessor-version":[{"id":496,"href":"https:\/\/csu-hahnbach.de\/index.php?rest_route=\/wp\/v2\/pages\/172\/revisions\/496"}],"wp:attachment":[{"href":"https:\/\/csu-hahnbach.de\/index.php?rest_route=%2Fwp%2Fv2%2Fmedia&parent=172"}],"curies":[{"name":"wp","href":"https:\/\/api.w.org\/{rel}","templated":true}]}}