{"id":206,"date":"2019-10-16T15:21:22","date_gmt":"2019-10-16T15:21:22","guid":{"rendered":"http:\/\/csu-hahnbach.de\/?page_id=206"},"modified":"2025-06-29T06:16:01","modified_gmt":"2025-06-29T06:16:01","slug":"fu-hahnbach","status":"publish","type":"page","link":"https:\/\/csu-hahnbach.de\/?page_id=206","title":{"rendered":"FU Hahnbach"},"content":{"rendered":"\t\t<div data-elementor-type=\"wp-page\" data-elementor-id=\"206\" class=\"elementor elementor-206\">\n\t\t\t\t\t\t<section class=\"elementor-section elementor-top-section elementor-element elementor-element-64a47fb elementor-section-boxed elementor-section-height-default elementor-section-height-default\" data-id=\"64a47fb\" data-element_type=\"section\" data-e-type=\"section\">\n\t\t\t\t\t\t<div class=\"elementor-container elementor-column-gap-default\">\n\t\t\t\t\t<div class=\"elementor-column elementor-col-100 elementor-top-column elementor-element elementor-element-ac18d8e\" data-id=\"ac18d8e\" data-element_type=\"column\" data-e-type=\"column\">\n\t\t\t<div class=\"elementor-widget-wrap elementor-element-populated\">\n\t\t\t\t\t\t<div class=\"elementor-element elementor-element-073bb16 elementor-widget elementor-widget-image\" data-id=\"073bb16\" data-element_type=\"widget\" data-e-type=\"widget\" data-widget_type=\"image.default\">\n\t\t\t\t<div class=\"elementor-widget-container\">\n\t\t\t\t\t\t\t\t\t\t\t\t\t\t\t<img fetchpriority=\"high\" decoding=\"async\" width=\"840\" height=\"449\" src=\"https:\/\/csu-hahnbach.de\/wp-content\/uploads\/2025\/06\/1.Bild-Vorstandschaft-2025-3-1024x547.jpg\" class=\"attachment-large size-large wp-image-525\" alt=\"\" srcset=\"https:\/\/csu-hahnbach.de\/wp-content\/uploads\/2025\/06\/1.Bild-Vorstandschaft-2025-3-1024x547.jpg 1024w, https:\/\/csu-hahnbach.de\/wp-content\/uploads\/2025\/06\/1.Bild-Vorstandschaft-2025-3-300x160.jpg 300w, https:\/\/csu-hahnbach.de\/wp-content\/uploads\/2025\/06\/1.Bild-Vorstandschaft-2025-3-768x410.jpg 768w, https:\/\/csu-hahnbach.de\/wp-content\/uploads\/2025\/06\/1.Bild-Vorstandschaft-2025-3-1536x820.jpg 1536w, https:\/\/csu-hahnbach.de\/wp-content\/uploads\/2025\/06\/1.Bild-Vorstandschaft-2025-3-1200x641.jpg 1200w, https:\/\/csu-hahnbach.de\/wp-content\/uploads\/2025\/06\/1.Bild-Vorstandschaft-2025-3.jpg 1792w\" sizes=\"(max-width: 709px) 85vw, (max-width: 909px) 67vw, (max-width: 1362px) 62vw, 840px\" \/>\t\t\t\t\t\t\t\t\t\t\t\t\t\t\t<\/div>\n\t\t\t\t<\/div>\n\t\t\t\t\t<\/div>\n\t\t<\/div>\n\t\t\t\t\t<\/div>\n\t\t<\/section>\n\t\t\t\t<section class=\"elementor-section elementor-top-section elementor-element elementor-element-5b8f0ba elementor-section-boxed elementor-section-height-default elementor-section-height-default\" data-id=\"5b8f0ba\" data-element_type=\"section\" data-e-type=\"section\">\n\t\t\t\t\t\t<div class=\"elementor-container elementor-column-gap-default\">\n\t\t\t\t\t<div class=\"elementor-column elementor-col-100 elementor-top-column elementor-element elementor-element-aa0d51b\" data-id=\"aa0d51b\" data-element_type=\"column\" data-e-type=\"column\">\n\t\t\t<div class=\"elementor-widget-wrap elementor-element-populated\">\n\t\t\t\t\t\t<div class=\"elementor-element elementor-element-2f0d9a6 elementor-widget elementor-widget-text-editor\" data-id=\"2f0d9a6\" data-element_type=\"widget\" data-e-type=\"widget\" data-widget_type=\"text-editor.default\">\n\t\t\t\t<div class=\"elementor-widget-container\">\n\t\t\t\t\t\t\t\t\t<p><b style=\"font-size: 1rem;\"><span style=\"font-size:22.0pt;font-family:&quot;Arial&quot;,sans-serif;mso-fareast-language:\nZH-CN\">Vorstandswahlen 2025<\/span><\/b><span style=\"font-family: Arial, sans-serif; font-size: 10.5pt;\">&nbsp;<\/span><\/p>\n\n<p><span style=\"font-size:14.0pt\">Evi H\u00f6llerer wurde einstimmig\n<b>zur ersten Vorsitzenden gew\u00e4hlt.<\/b><\/span><o:p><\/o:p><\/p>\n\n<p><span style=\"font-size:14.0pt\">Die <b>drei\nStellvertreterinnen:<\/b> Margit R\u00f6sch, Claudia Graf und Anneliese Hoffmann <o:p><\/o:p><\/span><\/p>\n\n<p><span style=\"font-size:14.0pt\">Die <b>Schriftf\u00fchrerin<\/b>\nCornelia G\u00e4ck <o:p><\/o:p><\/span><\/p>\n\n<p><span style=\"font-size:14.0pt\">Die <b>Schatzmeisterin<\/b>\nDiane Schoberth<o:p><\/o:p><\/span><\/p>\n\n<p><span style=\"font-size:14.0pt\">Die&nbsp; <b>5 Beisitzerinnen<\/b>: Theresia Bernreuter,\nAlexandra Beller, Sabine Schulz, Sonja Kunstmann und Thea Przibilla <o:p><\/o:p><\/span><\/p>\n\n<span style=\"font-size:14.0pt;font-family:&quot;Calibri&quot;,sans-serif;mso-ascii-theme-font:\nminor-latin;mso-fareast-font-family:Calibri;mso-fareast-theme-font:minor-latin;\nmso-hansi-theme-font:minor-latin;mso-bidi-font-family:&quot;Times New Roman&quot;;\nmso-bidi-theme-font:minor-bidi;mso-ansi-language:DE;mso-fareast-language:EN-US;\nmso-bidi-language:AR-SA\">Die beiden <b>Kassenpr\u00fcferinnen<\/b> Sabine Wilde und\nMartina Wawersig<\/span>\t\t\t\t\t\t\t\t<\/div>\n\t\t\t\t<\/div>\n\t\t\t\t\t<\/div>\n\t\t<\/div>\n\t\t\t\t\t<\/div>\n\t\t<\/section>\n\t\t\t\t<\/div>\n\t\t","protected":false},"excerpt":{"rendered":"<p>Vorstandswahlen 2025&nbsp; Evi H\u00f6llerer wurde einstimmig zur ersten Vorsitzenden gew\u00e4hlt. Die drei Stellvertreterinnen: Margit R\u00f6sch, Claudia Graf und Anneliese Hoffmann Die Schriftf\u00fchrerin Cornelia G\u00e4ck Die Schatzmeisterin Diane Schoberth Die&nbsp; 5 Beisitzerinnen: Theresia Bernreuter, Alexandra Beller, Sabine Schulz, Sonja Kunstmann und Thea Przibilla Die beiden Kassenpr\u00fcferinnen Sabine Wilde und Martina Wawersig<\/p>\n","protected":false},"author":1,"featured_media":0,"parent":0,"menu_order":0,"comment_status":"closed","ping_status":"closed","template":"","meta":{"footnotes":"","_links_to":"","_links_to_target":""},"class_list":["post-206","page","type-page","status-publish","hentry"],"jetpack_sharing_enabled":true,"_links":{"self":[{"href":"https:\/\/csu-hahnbach.de\/index.php?rest_route=\/wp\/v2\/pages\/206","targetHints":{"allow":["GET"]}}],"collection":[{"href":"https:\/\/csu-hahnbach.de\/index.php?rest_route=\/wp\/v2\/pages"}],"about":[{"href":"https:\/\/csu-hahnbach.de\/index.php?rest_route=\/wp\/v2\/types\/page"}],"author":[{"embeddable":true,"href":"https:\/\/csu-hahnbach.de\/index.php?rest_route=\/wp\/v2\/users\/1"}],"replies":[{"embeddable":true,"href":"https:\/\/csu-hahnbach.de\/index.php?rest_route=%2Fwp%2Fv2%2Fcomments&post=206"}],"version-history":[{"count":6,"href":"https:\/\/csu-hahnbach.de\/index.php?rest_route=\/wp\/v2\/pages\/206\/revisions"}],"predecessor-version":[{"id":535,"href":"https:\/\/csu-hahnbach.de\/index.php?rest_route=\/wp\/v2\/pages\/206\/revisions\/535"}],"wp:attachment":[{"href":"https:\/\/csu-hahnbach.de\/index.php?rest_route=%2Fwp%2Fv2%2Fmedia&parent=206"}],"curies":[{"name":"wp","href":"https:\/\/api.w.org\/{rel}","templated":true}]}}